{"id":874,"date":"2025-04-11T08:40:31","date_gmt":"2025-04-11T06:40:31","guid":{"rendered":"https:\/\/bricksfestival.com\/?page_id=874"},"modified":"2025-04-17T08:46:20","modified_gmt":"2025-04-17T06:46:20","slug":"artistes","status":"publish","type":"page","link":"https:\/\/bricksfestival.com\/?page_id=874","title":{"rendered":"Artistes"},"content":{"rendered":"\t\t<div data-elementor-type=\"wp-page\" data-elementor-id=\"874\" class=\"elementor elementor-874\" data-elementor-post-type=\"page\">\n\t\t\t\t<div class=\"elementor-element elementor-element-0c447f6 e-flex e-con-boxed e-con e-parent\" data-id=\"0c447f6\" data-element_type=\"container\" data-settings=\"{&quot;jet_parallax_layout_list&quot;:[]}\">\n\t\t\t\t\t<div class=\"e-con-inner\">\n\t\t<div class=\"elementor-element elementor-element-11aa06f e-con-full e-flex e-con e-child\" data-id=\"11aa06f\" data-element_type=\"container\" data-settings=\"{&quot;jet_parallax_layout_list&quot;:[]}\">\n\t\t\t\t<div class=\"elementor-element elementor-element-c7e39d2 elementor-widget elementor-widget-heading\" data-id=\"c7e39d2\" data-element_type=\"widget\" data-widget_type=\"heading.default\">\n\t\t\t\t<div class=\"elementor-widget-container\">\n\t\t\t\t\t<h2 class=\"elementor-heading-title elementor-size-default\">ARTISTES<\/h2>\t\t\t\t<\/div>\n\t\t\t\t<\/div>\n\t\t\t\t<div class=\"elementor-element elementor-element-23c4ede elementor-widget elementor-widget-heading\" data-id=\"23c4ede\" data-element_type=\"widget\" data-widget_type=\"heading.default\">\n\t\t\t\t<div class=\"elementor-widget-container\">\n\t\t\t\t\t<h2 class=\"elementor-heading-title elementor-size-default\">\u00e0 collectionner<\/h2>\t\t\t\t<\/div>\n\t\t\t\t<\/div>\n\t\t\t\t<\/div>\n\t\t<div class=\"elementor-element elementor-element-0d77697 e-con-full e-flex e-con e-child\" data-id=\"0d77697\" data-element_type=\"container\" data-settings=\"{&quot;jet_parallax_layout_list&quot;:[]}\">\n\t\t\t\t<div class=\"elementor-element elementor-element-451e9c3 elementor-widget elementor-widget-text-editor\" data-id=\"451e9c3\" data-element_type=\"widget\" data-widget_type=\"text-editor.default\">\n\t\t\t\t<div class=\"elementor-widget-container\">\n\t\t\t\t\t\t\t\t\t<p><b>Retrouvez ici les artistes qui font vibrer notre programmation. <br \/><\/b> De nouveaux talents et des noms reconnus \u00e0 d\u00e9couvrir au fil des sc\u00e8nes.<\/p>\t\t\t\t\t\t\t\t<\/div>\n\t\t\t\t<\/div>\n\t\t\t\t<\/div>\n\t\t\t\t\t<\/div>\n\t\t\t\t<\/div>\n\t\t<div class=\"elementor-element elementor-element-53fd00e e-con-full e-flex e-con e-parent\" data-id=\"53fd00e\" data-element_type=\"container\" data-settings=\"{&quot;jet_parallax_layout_list&quot;:[]}\">\n\t\t\t\t<div class=\"elementor-element elementor-element-4bb4ec1 elementor-widget elementor-widget-jet-tabs\" data-id=\"4bb4ec1\" data-element_type=\"widget\" data-settings=\"{&quot;tabs_position&quot;:&quot;top&quot;,&quot;no_active_tabs&quot;:&quot;false&quot;}\" data-widget_type=\"jet-tabs.default\">\n\t\t\t\t<div class=\"elementor-widget-container\">\n\t\t\t\t\t\n\t\t<div class=\"jet-tabs jet-tabs-position-top jet-tabs-move-up-effect jet-tabs-ajax-template\" data-settings=\"{&quot;activeIndex&quot;:0,&quot;event&quot;:&quot;click&quot;,&quot;autoSwitch&quot;:false,&quot;autoSwitchDelay&quot;:3000,&quot;ajaxTemplate&quot;:true,&quot;tabsPosition&quot;:&quot;top&quot;,&quot;switchScrolling&quot;:false,&quot;switchScrollingOffset&quot;:0}\">\n\t\t\t<div class=\"jet-tabs__control-wrapper \" role=\"tablist\">\n                                    <div id=\"tous\" class=\"jet-tabs__control jet-tabs__control-icon-left elementor-menu-anchor active-tab \" data-tab=\"1\" tabindex=\"0\" role=\"tab\" aria-controls=\"jet-tabs-content-7931\" aria-expanded=\"true\" data-template-id=\"910\"><div class=\"jet-tabs__control-inner\"><img decoding=\"async\" class=\"jet-tabs__label-image\" src=\"https:\/\/bricksfestival.com\/wp-content\/uploads\/2025\/04\/LOGO@2x.webp\" alt=\"\"><div class=\"jet-tabs__label-text\">TOUS<\/div><\/div><\/div><div id=\"poney\" class=\"jet-tabs__control jet-tabs__control-icon-left elementor-menu-anchor  \" data-tab=\"2\" tabindex=\"0\" role=\"tab\" aria-controls=\"jet-tabs-content-7932\" aria-expanded=\"false\" data-template-id=\"948\"><div class=\"jet-tabs__control-inner\"><img decoding=\"async\" class=\"jet-tabs__label-image\" src=\"https:\/\/bricksfestival.com\/wp-content\/uploads\/2025\/04\/lieu_airport@2x.webp\" alt=\"\"><div class=\"jet-tabs__label-text\">PONEY CLUB <\/div><\/div><\/div><div id=\"ginetteplage\" class=\"jet-tabs__control jet-tabs__control-icon-left elementor-menu-anchor  \" data-tab=\"3\" tabindex=\"0\" role=\"tab\" aria-controls=\"jet-tabs-content-7933\" aria-expanded=\"false\" data-template-id=\"952\"><div class=\"jet-tabs__control-inner\"><img decoding=\"async\" class=\"jet-tabs__label-image\" src=\"https:\/\/bricksfestival.com\/wp-content\/uploads\/2025\/04\/lieu_onthebeach@2x.webp\" alt=\"\"><div class=\"jet-tabs__label-text\">GINETTE PLAGE<\/div><\/div><\/div>\n                    \t\t\t    <\/div>\n\t\t\t<div class=\"jet-tabs__content-wrapper\">\n\t\t\t\t<div id=\"jet-tabs-content-7931\" class=\"jet-tabs__content active-content\" data-tab=\"1\" role=\"tabpanel\" aria-hidden=\"false\" data-template-id=\"910\"><div class=\"jet-tabs-loader\"><\/div><\/div><div id=\"jet-tabs-content-7932\" class=\"jet-tabs__content \" data-tab=\"2\" role=\"tabpanel\" aria-hidden=\"true\" data-template-id=\"948\"><div class=\"jet-tabs-loader\"><\/div><\/div><div id=\"jet-tabs-content-7933\" class=\"jet-tabs__content \" data-tab=\"3\" role=\"tabpanel\" aria-hidden=\"true\" data-template-id=\"952\"><div class=\"jet-tabs-loader\"><\/div><\/div>\t\t\t<\/div>\n\t\t\t\t\t<\/div>\n\t\t\t\t\t\t<\/div>\n\t\t\t\t<\/div>\n\t\t\t\t<\/div>\n\t\t\t\t<\/div>\n\t\t","protected":false},"excerpt":{"rendered":"<p>ARTISTES \u00e0 collectionner Retrouvez ici les artistes qui font vibrer notre programmation. De nouveaux talents et des noms reconnus \u00e0 d\u00e9couvrir au fil des sc\u00e8nes. TOUSPONEY CLUB GINETTE PLAGE<\/p>\n","protected":false},"author":1,"featured_media":0,"parent":0,"menu_order":0,"comment_status":"closed","ping_status":"closed","template":"","meta":{"footnotes":""},"class_list":["post-874","page","type-page","status-publish","hentry"],"yoast_head":"<!-- This site is optimized with the Yoast SEO plugin v24.8.1 - https:\/\/yoast.com\/wordpress\/plugins\/seo\/ -->\n<title>Artistes Bricks Odyssey 2025 | DJ Sets &amp; Live Toulouse<\/title>\n<meta name=\"description\" content=\"D\u00e9couvre les artistes du Bricks Odyssey 2025 : DJ internationaux, talents \u00e9mergents et performers visuels r\u00e9unis.\" \/>\n<meta name=\"robots\" content=\"index, follow, max-snippet:-1, max-image-preview:large, max-video-preview:-1\" \/>\n<link rel=\"canonical\" href=\"https:\/\/bricksfestival.com\/?page_id=874\" \/>\n<meta property=\"og:locale\" content=\"en_US\" \/>\n<meta property=\"og:type\" content=\"article\" \/>\n<meta property=\"og:title\" content=\"Artistes Bricks Odyssey 2025 | DJ Sets &amp; Live Toulouse\" \/>\n<meta property=\"og:description\" content=\"D\u00e9couvre les artistes du Bricks Odyssey 2025 : DJ internationaux, talents \u00e9mergents et performers visuels r\u00e9unis.\" \/>\n<meta property=\"og:url\" content=\"https:\/\/bricksfestival.com\/?page_id=874\" \/>\n<meta property=\"og:site_name\" content=\"Bricks Festival 2025\" \/>\n<meta property=\"article:modified_time\" content=\"2025-04-17T06:46:20+00:00\" \/>\n<meta property=\"og:image\" content=\"https:\/\/bricksfestival.com\/wp-content\/uploads\/2025\/04\/LOGO@2x.webp\" \/>\n<meta name=\"twitter:card\" content=\"summary_large_image\" \/>\n<meta name=\"twitter:label1\" content=\"Est. reading time\" \/>\n\t<meta name=\"twitter:data1\" content=\"6 minutes\" \/>\n<script type=\"application\/ld+json\" class=\"yoast-schema-graph\">{\"@context\":\"https:\/\/schema.org\",\"@graph\":[{\"@type\":\"WebPage\",\"@id\":\"https:\/\/bricksfestival.com\/?page_id=874\",\"url\":\"https:\/\/bricksfestival.com\/?page_id=874\",\"name\":\"Artistes Bricks Odyssey 2025 | DJ Sets & Live Toulouse\",\"isPartOf\":{\"@id\":\"https:\/\/bricksfestival.com\/#website\"},\"primaryImageOfPage\":{\"@id\":\"https:\/\/bricksfestival.com\/?page_id=874#primaryimage\"},\"image\":{\"@id\":\"https:\/\/bricksfestival.com\/?page_id=874#primaryimage\"},\"thumbnailUrl\":\"https:\/\/bricksfestival.com\/wp-content\/uploads\/2025\/04\/LOGO@2x.webp\",\"datePublished\":\"2025-04-11T06:40:31+00:00\",\"dateModified\":\"2025-04-17T06:46:20+00:00\",\"description\":\"D\u00e9couvre les artistes du Bricks Odyssey 2025 : DJ internationaux, talents \u00e9mergents et performers visuels r\u00e9unis.\",\"breadcrumb\":{\"@id\":\"https:\/\/bricksfestival.com\/?page_id=874#breadcrumb\"},\"inLanguage\":\"en-US\",\"potentialAction\":[{\"@type\":\"ReadAction\",\"target\":[\"https:\/\/bricksfestival.com\/?page_id=874\"]}]},{\"@type\":\"ImageObject\",\"inLanguage\":\"en-US\",\"@id\":\"https:\/\/bricksfestival.com\/?page_id=874#primaryimage\",\"url\":\"https:\/\/bricksfestival.com\/wp-content\/uploads\/2025\/04\/LOGO@2x.webp\",\"contentUrl\":\"https:\/\/bricksfestival.com\/wp-content\/uploads\/2025\/04\/LOGO@2x.webp\",\"width\":1645,\"height\":1419},{\"@type\":\"BreadcrumbList\",\"@id\":\"https:\/\/bricksfestival.com\/?page_id=874#breadcrumb\",\"itemListElement\":[{\"@type\":\"ListItem\",\"position\":1,\"name\":\"Accueil\",\"item\":\"https:\/\/bricksfestival.com\/\"},{\"@type\":\"ListItem\",\"position\":2,\"name\":\"Artistes\"}]},{\"@type\":\"WebSite\",\"@id\":\"https:\/\/bricksfestival.com\/#website\",\"url\":\"https:\/\/bricksfestival.com\/\",\"name\":\"Bricks Festival 2025\",\"description\":\"\",\"potentialAction\":[{\"@type\":\"SearchAction\",\"target\":{\"@type\":\"EntryPoint\",\"urlTemplate\":\"https:\/\/bricksfestival.com\/?s={search_term_string}\"},\"query-input\":{\"@type\":\"PropertyValueSpecification\",\"valueRequired\":true,\"valueName\":\"search_term_string\"}}],\"inLanguage\":\"en-US\"}]}<\/script>\n<!-- \/ Yoast SEO plugin. -->","yoast_head_json":{"title":"Artistes Bricks Odyssey 2025 | DJ Sets & Live Toulouse","description":"D\u00e9couvre les artistes du Bricks Odyssey 2025 : DJ internationaux, talents \u00e9mergents et performers visuels r\u00e9unis.","robots":{"index":"index","follow":"follow","max-snippet":"max-snippet:-1","max-image-preview":"max-image-preview:large","max-video-preview":"max-video-preview:-1"},"canonical":"https:\/\/bricksfestival.com\/?page_id=874","og_locale":"en_US","og_type":"article","og_title":"Artistes Bricks Odyssey 2025 | DJ Sets & Live Toulouse","og_description":"D\u00e9couvre les artistes du Bricks Odyssey 2025 : DJ internationaux, talents \u00e9mergents et performers visuels r\u00e9unis.","og_url":"https:\/\/bricksfestival.com\/?page_id=874","og_site_name":"Bricks Festival 2025","article_modified_time":"2025-04-17T06:46:20+00:00","og_image":[{"url":"https:\/\/bricksfestival.com\/wp-content\/uploads\/2025\/04\/LOGO@2x.webp","type":"","width":"","height":""}],"twitter_card":"summary_large_image","twitter_misc":{"Est. reading time":"6 minutes"},"schema":{"@context":"https:\/\/schema.org","@graph":[{"@type":"WebPage","@id":"https:\/\/bricksfestival.com\/?page_id=874","url":"https:\/\/bricksfestival.com\/?page_id=874","name":"Artistes Bricks Odyssey 2025 | DJ Sets & Live Toulouse","isPartOf":{"@id":"https:\/\/bricksfestival.com\/#website"},"primaryImageOfPage":{"@id":"https:\/\/bricksfestival.com\/?page_id=874#primaryimage"},"image":{"@id":"https:\/\/bricksfestival.com\/?page_id=874#primaryimage"},"thumbnailUrl":"https:\/\/bricksfestival.com\/wp-content\/uploads\/2025\/04\/LOGO@2x.webp","datePublished":"2025-04-11T06:40:31+00:00","dateModified":"2025-04-17T06:46:20+00:00","description":"D\u00e9couvre les artistes du Bricks Odyssey 2025 : DJ internationaux, talents \u00e9mergents et performers visuels r\u00e9unis.","breadcrumb":{"@id":"https:\/\/bricksfestival.com\/?page_id=874#breadcrumb"},"inLanguage":"en-US","potentialAction":[{"@type":"ReadAction","target":["https:\/\/bricksfestival.com\/?page_id=874"]}]},{"@type":"ImageObject","inLanguage":"en-US","@id":"https:\/\/bricksfestival.com\/?page_id=874#primaryimage","url":"https:\/\/bricksfestival.com\/wp-content\/uploads\/2025\/04\/LOGO@2x.webp","contentUrl":"https:\/\/bricksfestival.com\/wp-content\/uploads\/2025\/04\/LOGO@2x.webp","width":1645,"height":1419},{"@type":"BreadcrumbList","@id":"https:\/\/bricksfestival.com\/?page_id=874#breadcrumb","itemListElement":[{"@type":"ListItem","position":1,"name":"Accueil","item":"https:\/\/bricksfestival.com\/"},{"@type":"ListItem","position":2,"name":"Artistes"}]},{"@type":"WebSite","@id":"https:\/\/bricksfestival.com\/#website","url":"https:\/\/bricksfestival.com\/","name":"Bricks Festival 2025","description":"","potentialAction":[{"@type":"SearchAction","target":{"@type":"EntryPoint","urlTemplate":"https:\/\/bricksfestival.com\/?s={search_term_string}"},"query-input":{"@type":"PropertyValueSpecification","valueRequired":true,"valueName":"search_term_string"}}],"inLanguage":"en-US"}]}},"_links":{"self":[{"href":"https:\/\/bricksfestival.com\/index.php?rest_route=\/wp\/v2\/pages\/874","targetHints":{"allow":["GET"]}}],"collection":[{"href":"https:\/\/bricksfestival.com\/index.php?rest_route=\/wp\/v2\/pages"}],"about":[{"href":"https:\/\/bricksfestival.com\/index.php?rest_route=\/wp\/v2\/types\/page"}],"author":[{"embeddable":true,"href":"https:\/\/bricksfestival.com\/index.php?rest_route=\/wp\/v2\/users\/1"}],"replies":[{"embeddable":true,"href":"https:\/\/bricksfestival.com\/index.php?rest_route=%2Fwp%2Fv2%2Fcomments&post=874"}],"version-history":[{"count":0,"href":"https:\/\/bricksfestival.com\/index.php?rest_route=\/wp\/v2\/pages\/874\/revisions"}],"wp:attachment":[{"href":"https:\/\/bricksfestival.com\/index.php?rest_route=%2Fwp%2Fv2%2Fmedia&parent=874"}],"curies":[{"name":"wp","href":"https:\/\/api.w.org\/{rel}","templated":true}]}}